{"id":1043,"date":"2021-02-14T11:16:55","date_gmt":"2021-02-14T11:16:55","guid":{"rendered":"https:\/\/matt-herz.com\/de\/?page_id=1043"},"modified":"2021-02-14T12:53:50","modified_gmt":"2021-02-14T11:53:50","slug":"info","status":"publish","type":"page","link":"https:\/\/matt-herz.com\/de\/","title":{"rendered":"Info"},"content":{"rendered":"\n\n\t\t\t<h1>Die Website befindet sich zur Zeit in der<\/h1><h1>Markteinf\u00fchrungsphase<\/h1>\t\t\t\n\t<h5>\n\t\t\t\tWebsite-Erstellung und Wartung f\u00fcr Solo-Selbstst\u00e4ndige und Kleinunternehmen\n\t\t\t<\/h5>\n\t\t\t<h5>Erfahren Sie hier ab wann ich meine Dienstleistungen anbiete!<\/h5><h5>Bitte tragen Sie sich in meinen Newsletter ein.<\/h5>\t\t\t\n\t\t\t\t<!-- Inline Block Space Fix \n\t\t\t\t-->\n\t\t\t\t<!-- Inline Block Space Fix\n\t\t\t\t-->\n\t\t\t\t\t<input type=\"email\" name=\"uabb-subscribe-form-email\" aria-label=\"email\" placeholder=\"Email Adresse\" \/>\n\t\t\t\t\t\t\t\t\t\t!\n\t\t\t\t<!-- Inline Block Space Fix\t\n\t\t\t\t--><!-- Inline Block Space Fix\t\n\t\t\t\t-->\n\t\t\t<a href=\"#\" target=\"_self\" role=\"button\" rel=\"noopener\">\n\t\t\t\t\t\t\tAbschicken\n\t\t<\/a>\n\t\t\t\t\t\t\t\t\t\t\t\t\t<p>Bitte best\u00e4tigen Sie, dass Sie dem Erhalt von meinen Emails zustimmen.<\/p>\n\t\t\t\t\t\t\t<label for=\"uabb-terms-checkbox-_826520731\">\n\t\t\t\t\t\t\t\t<input type=\"checkbox\" id=\"uabb-terms-checkbox-_826520731\" aria-label=\"checkbox\" name=\"uabb-terms-checkbox\" value=\"1\" \/>\n\t\t\t\t\t\t\t\t\tIch bin damit einverstanden relevante Marketing-Informationen und Angebote zu erhalten\t\t\t\t\t\t\t\t\n\t\t\t\t\t\t\t<\/label>\n\t\t\t\t\t\t\tTerms and Conditions checkbox is required.\n\t\t\t\t\t\tSomething went wrong. Please check your entries and try again.\n\t\t\t<h5>AN ATTRACTIVE PREFIX TO THE HEADING BELOW<\/h5><h3>WHY OUR APP IS THE BEST FOR YOU<\/h3>\n\t<h5>\n\t\t\t\t01\n\t\t\t<\/h5>\n\t\t\t<h5>Reason \/ Benefit 1<\/h5>\t\t\t\n\t\t\t\t<p>Elaborate on the benefit you&#8217;ve mentioned and tell users in what way will the app help them or their business.<\/p>\n\t<h5>\n\t\t\t\t02\n\t\t\t<\/h5>\n\t\t\t<h5>Reason \/ Benefit 2<\/h5>\t\t\t\n\t\t\t\t<p>Elaborate on the benefit you&#8217;ve mentioned and tell users in what way will the app help them or their business.<\/p>\n\t<h5>\n\t\t\t\t03\n\t\t\t<\/h5>\n\t\t\t<h5>Reason \/ Benefit 3<\/h5>\t\t\t\n\t\t\t\t<p>Elaborate on the benefit you&#8217;ve mentioned and tell users in what way will the app help them or their business.<\/p>\n\t<h5>\n\t\t\t\t04\n\t\t\t<\/h5>\n\t\t\t<h5>Reason \/ Benefit 4<\/h5>\t\t\t\n\t\t\t\t<p>Elaborate on the benefit you&#8217;ve mentioned and tell users in what way will the app help them or their business.<\/p>\n\t<h5>\n\t\t\t\t05\n\t\t\t<\/h5>\n\t\t\t<h5>Reason \/ Benefit 5<\/h5>\t\t\t\n\t\t\t\t<p>Elaborate on the benefit you&#8217;ve mentioned and tell users in what way will the app help them or their business.<\/p>\n\t<h5>\n\t\t\t\t06\n\t\t\t<\/h5>\n\t\t\t<h5>Reason \/ Benefit 6<\/h5>\t\t\t\n\t\t\t\t<p>Elaborate on the benefit you&#8217;ve mentioned and tell users in what way will the app help them or their business.<\/p>\n\t<h6>\n\t\t\t\tLOGO \u00a9 Copyright 2017\n\t\t\t<\/h6>\n\t<h5>\n\t\t\t\tQuestions or comments?\n\t\t\t<\/h5>\n\t<h5>\n\t\t\t\t<a href=\"#\" title=\"Send us a message.\" target=\"_self\" rel=\"noopener\">\n\t\t\t\tSend us a message.\n\t\t\t\t<\/a>\n\t\t\t<\/h5>\n\t<h5>\n\t\t\t\tQuestions or comments?\n\t\t\t<\/h5>\n\t<h5>\n\t\t\t\t<a href=\"#\" title=\"Send us a message.\" target=\"_self\" rel=\"noopener\">\n\t\t\t\tSend us a message.\n\t\t\t\t<\/a>\n\t\t\t<\/h5>\n\t<h6>\n\t\t\t\tLOGO \u00a9 Copyright 2017\n\t\t\t<\/h6>\n\n","protected":false},"excerpt":{"rendered":"<p>Die Website befindet sich zur Zeit in der Markteinf\u00fchrungsphase Website-Erstellung und Wartung f\u00fcr Solo-Selbstst\u00e4ndige und Kleinunternehmen Erfahren Sie hier ab wann ich meine Dienstleistungen anbiete! Bitte tragen Sie sich in meinen Newsletter ein. ! Abschicken Bitte best\u00e4tigen Sie, dass Sie dem Erhalt von meinen Emails zustimmen. Ich bin damit einverstanden relevante Marketing-Informationen und Angebote zu [&hellip;]<\/p>\n","protected":false},"author":1,"featured_media":0,"parent":0,"menu_order":0,"comment_status":"closed","ping_status":"closed","template":"","meta":{"site-sidebar-layout":"default","site-content-layout":"page-builder","ast-site-content-layout":"default","site-content-style":"default","site-sidebar-style":"default","ast-global-header-display":"","ast-banner-title-visibility":"","ast-main-header-display":"disabled","ast-hfb-above-header-display":"","ast-hfb-below-header-display":"","ast-hfb-mobile-header-display":"","site-post-title":"disabled","ast-breadcrumbs-content":"disabled","ast-featured-img":"disabled","footer-sml-layout":"disabled","ast-disable-related-posts":"","theme-transparent-header-meta":"default","adv-header-id-meta":"","stick-header-meta":"","header-above-stick-meta":"","header-main-stick-meta":"","header-below-stick-meta":"","astra-migrate-meta-layouts":"default","ast-page-background-enabled":"default","ast-page-background-meta":{"desktop":{"background-color":"","background-image":"","background-repeat":"repeat","background-position":"center center","background-size":"auto","background-attachment":"scroll","background-type":"","background-media":"","overlay-type":"","overlay-color":"","overlay-opacity":"","overlay-gradient":""},"tablet":{"background-color":"","background-image":"","background-repeat":"repeat","background-position":"center center","background-size":"auto","background-attachment":"scroll","background-type":"","background-media":"","overlay-type":"","overlay-color":"","overlay-opacity":"","overlay-gradient":""},"mobile":{"background-color":"","background-image":"","background-repeat":"repeat","background-position":"center center","background-size":"auto","background-attachment":"scroll","background-type":"","background-media":"","overlay-type":"","overlay-color":"","overlay-opacity":"","overlay-gradient":""}},"ast-content-background-meta":{"desktop":{"background-color":"var(--ast-global-color-5)","background-image":"","background-repeat":"repeat","background-position":"center center","background-size":"auto","background-attachment":"scroll","background-type":"","background-media":"","overlay-type":"","overlay-color":"","overlay-opacity":"","overlay-gradient":""},"tablet":{"background-color":"var(--ast-global-color-5)","background-image":"","background-repeat":"repeat","background-position":"center center","background-size":"auto","background-attachment":"scroll","background-type":"","background-media":"","overlay-type":"","overlay-color":"","overlay-opacity":"","overlay-gradient":""},"mobile":{"background-color":"var(--ast-global-color-5)","background-image":"","background-repeat":"repeat","background-position":"center center","background-size":"auto","background-attachment":"scroll","background-type":"","background-media":"","overlay-type":"","overlay-color":"","overlay-opacity":"","overlay-gradient":""}},"footnotes":""},"class_list":["post-1043","page","type-page","status-publish","hentry"],"_links":{"self":[{"href":"https:\/\/matt-herz.com\/de\/wp-json\/wp\/v2\/pages\/1043","targetHints":{"allow":["GET"]}}],"collection":[{"href":"https:\/\/matt-herz.com\/de\/wp-json\/wp\/v2\/pages"}],"about":[{"href":"https:\/\/matt-herz.com\/de\/wp-json\/wp\/v2\/types\/page"}],"author":[{"embeddable":true,"href":"https:\/\/matt-herz.com\/de\/wp-json\/wp\/v2\/users\/1"}],"replies":[{"embeddable":true,"href":"https:\/\/matt-herz.com\/de\/wp-json\/wp\/v2\/comments?post=1043"}],"version-history":[{"count":0,"href":"https:\/\/matt-herz.com\/de\/wp-json\/wp\/v2\/pages\/1043\/revisions"}],"wp:attachment":[{"href":"https:\/\/matt-herz.com\/de\/wp-json\/wp\/v2\/media?parent=1043"}],"curies":[{"name":"wp","href":"https:\/\/api.w.org\/{rel}","templated":true}]}}